{"id":3622,"date":"2023-07-27T04:37:32","date_gmt":"2023-07-27T07:37:32","guid":{"rendered":"https:\/\/cmlo.co\/?page_id=3622"},"modified":"2023-07-27T04:42:09","modified_gmt":"2023-07-27T07:42:09","slug":"avisos-legais","status":"publish","type":"page","link":"https:\/\/cmlo.co\/el\/avisos-legais\/","title":{"rendered":"Avisos Legais"},"content":{"rendered":"<h2 class=\"wp-block-heading\">POL\u00cdTICA DE COOKIES E PRIVACIDADE<\/h2>\n\n\n\n<h3 class=\"wp-block-heading\">Pol\u00edtica de cookies<\/h3>\n\n\n\n<p>Um cookie \u00e9 um pequeno arquivo de texto armazenado em seu navegador quando voc\u00ea visita quase todas as p\u00e1ginas da web. Sua utilidade \u00e9 que a web \u00e9 capaz de lembrar sua visita quando voc\u00ea retorna para navegar naquela p\u00e1gina. Os cookies geralmente armazenam informa\u00e7\u00f5es t\u00e9cnicas, prefer\u00eancias pessoais, personaliza\u00e7\u00e3o de conte\u00fado, estat\u00edsticas de uso, links para redes sociais, acesso a contas de usu\u00e1rio etc. O objetivo do cookie \u00e9 adaptar o conte\u00fado da web ao seu perfil e necessidades, sem cookies os servi\u00e7os oferecidos por qualquer p\u00e1gina ficaria significativamente reduzidos. Se deseja consultar mais informa\u00e7\u00f5es sobre o que s\u00e3o cookies, o que armazenam, como elimin\u00e1-los, desativ\u00e1-los, etc. acesse este link.<\/p>\n\n\n\n<h3 class=\"wp-block-heading\">Cookies usados neste site<\/h3>\n\n\n\n<p>Seguindo as orienta\u00e7\u00f5es da Ag\u00eancia Espanhola de Prote\u00e7\u00e3o de Dados, procedemos ao detalhamento do uso dos cookies efetuados por este site, a fim de inform\u00e1-lo com a maior exatid\u00e3o poss\u00edvel.<\/p>\n\n\n\n<h3 class=\"wp-block-heading\">Este site usa os seguintes cookies pr\u00f3prios:<\/h3>\n\n\n\n<p>Cookies de sess\u00e3o, para garantir que os usu\u00e1rios que escrevem coment\u00e1rios no blog sejam aplicativos humanos e n\u00e3o automatizados. Desta forma, o spam \u00e9 combatido.<\/p>\n\n\n\n<h3 class=\"wp-block-heading\">Este site usa os seguintes cookies de terceiros<\/h3>\n\n\n\n<p>Google Analytics: Armazena cookies para poder compilar estat\u00edsticas sobre o tr\u00e1fego e o volume de visitas a este site. Ao utilizar este site, voc\u00ea concorda com o processamento de informa\u00e7\u00f5es sobre voc\u00ea pelo Google. Portanto, o exerc\u00edcio de qualquer direito a esse respeito deve ser feito por meio de comunica\u00e7\u00e3o direta com o Google.<\/p>\n\n\n\n<p>Redes sociais: Cada rede social usa seus pr\u00f3prios cookies para que voc\u00ea possa clicar em bot\u00f5es como Curtir e Compartilhar.<\/p>\n\n\n\n<h3 class=\"wp-block-heading\">Desativa\u00e7\u00e3o ou elimina\u00e7\u00e3o de cookies<\/h3>\n\n\n\n<p>A qualquer momento, voc\u00ea pode exercer o seu direito de desativar ou excluir cookies deste site. Essas op\u00e7\u00f5es s\u00e3o realizadas de forma diferente dependendo do navegador que voc\u00ea est\u00e1 usando. Aqui est\u00e1 um guia r\u00e1pido para os navegadores populares.<\/p>\n\n\n\n<h3 class=\"wp-block-heading\">Notas Adicionais<\/h3>\n\n\n\n<p>Nem este site, nem seu representantes legais s\u00e3o respons\u00e1veis pelo conte\u00fado ou pela veracidade das pol\u00edticas de privacidade que os terceiros mencionados nesta pol\u00edtica de cookies possam ter.<\/p>\n\n\n\n<p>Os navegadores da Web s\u00e3o as ferramentas encarregadas de armazenar cookies e, a partir deste local, voc\u00ea deve exercer o seu direito de elimin\u00e1-los ou desativ\u00e1-los.<\/p>\n\n\n\n<p>Nem este site, nem seus representantes legais, podem garantir o manuseio correto ou incorreto dos cookies pelos navegadores mencionados.<\/p>\n\n\n\n<p>Em alguns casos \u00e9 necess\u00e1rio instalar cookies para que o navegador n\u00e3o se esque\u00e7a da sua cedis\u00e3o de n\u00e3o os aceitar.<br>No caso dos cookies do Google Analytics, esta empresa armazena cookies em servidores localizados nos Estados Unidos e se compromete a n\u00e3o compartilh\u00e1-los com terceiros, exceto nos casos em que seja necess\u00e1rio para o funcionamento do sistema ou quando a lei assim o exigir um efeito. De acordo com o Google, ele n\u00e3o salva seu endere\u00e7o IP. Google Inc. \u00e9 uma empresa aderida ao Acordo de Porto Seguro que garante que todos os dados transferidos ser\u00e3o tratados com um n\u00edvel de prote\u00e7\u00e3o de acordo com os regulamentos europeus.<\/p>\n\n\n\n<p>Para qualquer d\u00favida ou consulta sobre esta pol\u00edtica de cookies, n\u00e3o hesite em nos contatar atrav\u00e9s da se\u00e7\u00e3o de contato.<\/p>\n\n\n\n<h3 class=\"wp-block-heading\">Conte sempre com nossa ajuda<\/h3>\n\n\n\n<p>Caso tenha alguma d\u00favida sobre nosso Aviso de Privacidade ou se precisar de maiores esclarecimentos sobre como tratamos seus dados pessoais, basta entrar em contato conosco:<\/p>\n\n\n\n<p>Encarregado de Prote\u00e7\u00e3o de Dados: Saulo Camelo<\/p>\n\n\n\n<p>Atrav\u00e9s do n\u00famero +55 11 98423 6137, dispon\u00edvel de segunda a sexta-feira, das 09h \u00e0s 18h. Custo de chamada local.<\/p>\n\n\n\n<p>Pelo e-mail executivo exclusivo para temas de privacidade: <a href=\"mailto:privacidade@camelo.digital\">privacidade@camelo.digital<\/a><\/p>","protected":false},"excerpt":{"rendered":"<p>POL\u00cdTICA DE COOKIES E PRIVACIDADE Pol\u00edtica de cookies Um cookie \u00e9 um pequeno arquivo de texto armazenado em seu navegador quando voc\u00ea visita quase todas as p\u00e1ginas da web. Sua utilidade \u00e9 que a web \u00e9 capaz de lembrar sua visita quando voc\u00ea retorna para navegar naquela p\u00e1gina. Os cookies geralmente armazenam informa\u00e7\u00f5es t\u00e9cnicas, prefer\u00eancias [&hellip;]<\/p>","protected":false},"author":3,"featured_media":0,"parent":0,"menu_order":0,"comment_status":"closed","ping_status":"closed","template":"","meta":{"_acf_changed":false,"footnotes":""},"segmento":[],"solucao":[],"class_list":["post-3622","page","type-page","status-publish","hentry"],"acf":[],"_links":{"self":[{"href":"https:\/\/cmlo.co\/el\/wp-json\/wp\/v2\/pages\/3622","targetHints":{"allow":["GET"]}}],"collection":[{"href":"https:\/\/cmlo.co\/el\/wp-json\/wp\/v2\/pages"}],"about":[{"href":"https:\/\/cmlo.co\/el\/wp-json\/wp\/v2\/types\/page"}],"author":[{"embeddable":true,"href":"https:\/\/cmlo.co\/el\/wp-json\/wp\/v2\/users\/3"}],"replies":[{"embeddable":true,"href":"https:\/\/cmlo.co\/el\/wp-json\/wp\/v2\/comments?post=3622"}],"version-history":[{"count":0,"href":"https:\/\/cmlo.co\/el\/wp-json\/wp\/v2\/pages\/3622\/revisions"}],"wp:attachment":[{"href":"https:\/\/cmlo.co\/el\/wp-json\/wp\/v2\/media?parent=3622"}],"wp:term":[{"taxonomy":"segmento","embeddable":true,"href":"https:\/\/cmlo.co\/el\/wp-json\/wp\/v2\/segmento?post=3622"},{"taxonomy":"solucao","embeddable":true,"href":"https:\/\/cmlo.co\/el\/wp-json\/wp\/v2\/solucao?post=3622"}],"curies":[{"name":"wp","href":"https:\/\/api.w.org\/{rel}","templated":true}]}}