{"id":18449,"date":"2024-10-31T11:53:58","date_gmt":"2024-10-31T14:53:58","guid":{"rendered":"https:\/\/cmlo.co\/?page_id=18449"},"modified":"2025-01-31T15:09:33","modified_gmt":"2025-01-31T18:09:33","slug":"partners","status":"publish","type":"page","link":"https:\/\/cmlo.co\/en\/partners\/","title":{"rendered":"Partners"},"content":{"rendered":"<h2>CMLO&amp;PARTNERS<\/h2>\n<h2>Encontre e contrate empresas para fazer seu neg\u00f3cio decolar<\/h2>\n<p>\t\t\t\t\t<a href=\"#form\"><br \/>\n\t\t\t\t\t\t\t\t\tBecome a partner<br \/>\n\t\t\t\t\t<\/a><br \/>\n\t\t\t\t\t<a href=\"#\"><br \/>\n\t\t\t\t\t\t\t\t\tEncontre seu parceiro ideal<br \/>\n\t\t\t\t\t<\/a><\/p>\n<h2>Aqui, voc\u00ea encontra empresas reconhecidas pelo mercado para impulsionar o crescimento da sua empresa.<\/h2>\n<p>\t\t\t\t\t\t\t\t\t\t\t\t\t<img fetchpriority=\"high\" width=\"1863\" height=\"1177\" src=\"https:\/\/cmlo.co\/wp-content\/uploads\/2024\/10\/Mockup.png\" alt=\"\" decoding=\"async\" srcset=\"https:\/\/cmlo.co\/wp-content\/uploads\/2024\/10\/Mockup.png 1863w, https:\/\/cmlo.co\/wp-content\/uploads\/2024\/10\/Mockup-300x190.png 300w, https:\/\/cmlo.co\/wp-content\/uploads\/2024\/10\/Mockup-1024x647.png 1024w, https:\/\/cmlo.co\/wp-content\/uploads\/2024\/10\/Mockup-768x485.png 768w, https:\/\/cmlo.co\/wp-content\/uploads\/2024\/10\/Mockup-1536x970.png 1536w, https:\/\/cmlo.co\/wp-content\/uploads\/2024\/10\/Mockup-18x12.png 18w\" sizes=\"(max-width: 1863px) 100vw, 1863px\" title=\"\">\t\t\t\t\t\t\t\t\t\t\t\t\t<\/p>\n<h2>Com especialistas que s\u00e3o refer\u00eancia no mercado, oferecendo solu\u00e7\u00f5es estrat\u00e9gicas, os desafios da sua empresa s\u00e3o transformados em resultados reais. <\/p>\n<p>Os melhores parceiros para o sucesso da sua empresa est\u00e3o aqui.<\/h2>\n<p>\t\t\t\t\t\t\t\t\t\t\t\t\t<img fetchpriority=\"high\" width=\"1863\" height=\"1177\" src=\"https:\/\/cmlo.co\/wp-content\/uploads\/2024\/10\/Mockup.png\" alt=\"\" decoding=\"async\" srcset=\"https:\/\/cmlo.co\/wp-content\/uploads\/2024\/10\/Mockup.png 1863w, https:\/\/cmlo.co\/wp-content\/uploads\/2024\/10\/Mockup-300x190.png 300w, https:\/\/cmlo.co\/wp-content\/uploads\/2024\/10\/Mockup-1024x647.png 1024w, https:\/\/cmlo.co\/wp-content\/uploads\/2024\/10\/Mockup-768x485.png 768w, https:\/\/cmlo.co\/wp-content\/uploads\/2024\/10\/Mockup-1536x970.png 1536w, https:\/\/cmlo.co\/wp-content\/uploads\/2024\/10\/Mockup-18x12.png 18w\" sizes=\"(max-width: 1863px) 100vw, 1863px\" title=\"\"><br \/>\n\t\t\t\t\t\t\t\t\t\t\t\t\t<img width=\"552\" height=\"703\" src=\"https:\/\/cmlo.co\/wp-content\/uploads\/2024\/11\/Grupo-7414.png\" alt=\"\" decoding=\"async\" srcset=\"https:\/\/cmlo.co\/wp-content\/uploads\/2024\/11\/Grupo-7414.png 552w, https:\/\/cmlo.co\/wp-content\/uploads\/2024\/11\/Grupo-7414-236x300.png 236w, https:\/\/cmlo.co\/wp-content\/uploads\/2024\/11\/Grupo-7414-9x12.png 9w\" sizes=\"(max-width: 552px) 100vw, 552px\" title=\"\">\t\t\t\t\t\t\t\t\t\t\t\t\t<\/p>\n<h2>O que \u00e9 o CMLO&amp;PARTNERS Market?<\/h2>\n<h2>\u00c9 o lugar ideal para voc\u00ea contratar as melhores empresas do mercado, de diversas \u00e1reas, para fazer o seu neg\u00f3cio crescer com o selo de qualidade CMLO&amp;CO.<\/h2>\n<p>\t\t\t\t\t<a href=\"#form\"><br \/>\n\t\t\t\t\t\t\t\t\tBecome a partner<br \/>\n\t\t\t\t\t<\/a><\/p>\n<h2>Por que contratar empresas da CMLO&amp;PARTNERS?<\/h2>\n<h2>A CMLO&amp;CO \u00e9 a ag\u00eancia refer\u00eancia no mercado de marketing. Nossas empresas parceiras tamb\u00e9m s\u00e3o refer\u00eancia no mercado em que atuam.<\/h2>\n<p>\t\t\t\t\t<a href=\"#form\"><br \/>\n\t\t\t\t\t\t\t\t\tBecome a partner<br \/>\n\t\t\t\t\t<\/a><\/p>\n<h2>Escolha o seu parceiro ideal<\/h2>\n<p>\t\t\t\t\t\t\t\t\t\t\t\t\t<img width=\"316\" height=\"190\" src=\"https:\/\/cmlo.co\/wp-content\/uploads\/2024\/10\/Grupo-7417.png\" alt=\"\" decoding=\"async\" srcset=\"https:\/\/cmlo.co\/wp-content\/uploads\/2024\/10\/Grupo-7417.png 316w, https:\/\/cmlo.co\/wp-content\/uploads\/2024\/10\/Grupo-7417-300x180.png 300w, https:\/\/cmlo.co\/wp-content\/uploads\/2024\/10\/Grupo-7417-18x12.png 18w\" sizes=\"(max-width: 316px) 100vw, 316px\" title=\"\"><br \/>\n\t\t\t\t\t\t\t\t\t\t\t\t\t<img loading=\"lazy\" width=\"316\" height=\"190\" src=\"https:\/\/cmlo.co\/wp-content\/uploads\/2024\/10\/Grupo-7418.png\" alt=\"\" decoding=\"async\" srcset=\"https:\/\/cmlo.co\/wp-content\/uploads\/2024\/10\/Grupo-7418.png 316w, https:\/\/cmlo.co\/wp-content\/uploads\/2024\/10\/Grupo-7418-300x180.png 300w, https:\/\/cmlo.co\/wp-content\/uploads\/2024\/10\/Grupo-7418-18x12.png 18w\" sizes=\"(max-width: 316px) 100vw, 316px\" title=\"\"><br \/>\n\t\t\t\t\t\t\t\t\t\t\t\t\t<img loading=\"lazy\" width=\"316\" height=\"190\" src=\"https:\/\/cmlo.co\/wp-content\/uploads\/2024\/10\/Grupo-7419.png\" alt=\"\" decoding=\"async\" srcset=\"https:\/\/cmlo.co\/wp-content\/uploads\/2024\/10\/Grupo-7419.png 316w, https:\/\/cmlo.co\/wp-content\/uploads\/2024\/10\/Grupo-7419-300x180.png 300w, https:\/\/cmlo.co\/wp-content\/uploads\/2024\/10\/Grupo-7419-18x12.png 18w\" sizes=\"(max-width: 316px) 100vw, 316px\" title=\"\"><br \/>\n\t\t\t\t\t\t\t\t\t\t\t\t\t<img loading=\"lazy\" width=\"316\" height=\"190\" src=\"https:\/\/cmlo.co\/wp-content\/uploads\/2024\/10\/Group-2.png\" alt=\"\" decoding=\"async\" srcset=\"https:\/\/cmlo.co\/wp-content\/uploads\/2024\/10\/Group-2.png 316w, https:\/\/cmlo.co\/wp-content\/uploads\/2024\/10\/Group-2-300x180.png 300w, https:\/\/cmlo.co\/wp-content\/uploads\/2024\/10\/Group-2-18x12.png 18w\" sizes=\"(max-width: 316px) 100vw, 316px\" title=\"\"><br \/>\n\t\t\t\t\t\t\t\t\t\t\t\t\t<img loading=\"lazy\" width=\"316\" height=\"190\" src=\"https:\/\/cmlo.co\/wp-content\/uploads\/2024\/10\/Group-3.png\" alt=\"\" decoding=\"async\" srcset=\"https:\/\/cmlo.co\/wp-content\/uploads\/2024\/10\/Group-3.png 316w, https:\/\/cmlo.co\/wp-content\/uploads\/2024\/10\/Group-3-300x180.png 300w, https:\/\/cmlo.co\/wp-content\/uploads\/2024\/10\/Group-3-18x12.png 18w\" sizes=\"(max-width: 316px) 100vw, 316px\" title=\"\">\t\t\t\t\t\t\t\t\t\t\t\t\t<\/p>\n<h2>Request a quote<br \/> e seja um parceiro! <\/h2>\n<h2>PARCEIRO <\/h2>","protected":false},"excerpt":{"rendered":"<p>CMLO&amp;PARTNERS Encontre e contrate empresas para fazer seu neg\u00f3cio decolar Seja um parceiro Encontre seu parceiro ideal Aqui, voc\u00ea encontra empresas reconhecidas pelo mercado para impulsionar o crescimento da sua empresa. Com especialistas que s\u00e3o refer\u00eancia no mercado, oferecendo solu\u00e7\u00f5es estrat\u00e9gicas, os desafios da sua empresa s\u00e3o transformados em resultados reais. Os melhores parceiros para [&hellip;]<\/p>","protected":false},"author":3,"featured_media":0,"parent":0,"menu_order":0,"comment_status":"closed","ping_status":"closed","template":"elementor_header_footer","meta":{"_acf_changed":false,"footnotes":""},"segmento":[],"solucao":[],"class_list":["post-18449","page","type-page","status-publish","hentry"],"acf":[],"_links":{"self":[{"href":"https:\/\/cmlo.co\/en\/wp-json\/wp\/v2\/pages\/18449","targetHints":{"allow":["GET"]}}],"collection":[{"href":"https:\/\/cmlo.co\/en\/wp-json\/wp\/v2\/pages"}],"about":[{"href":"https:\/\/cmlo.co\/en\/wp-json\/wp\/v2\/types\/page"}],"author":[{"embeddable":true,"href":"https:\/\/cmlo.co\/en\/wp-json\/wp\/v2\/users\/3"}],"replies":[{"embeddable":true,"href":"https:\/\/cmlo.co\/en\/wp-json\/wp\/v2\/comments?post=18449"}],"version-history":[{"count":40,"href":"https:\/\/cmlo.co\/en\/wp-json\/wp\/v2\/pages\/18449\/revisions"}],"predecessor-version":[{"id":18553,"href":"https:\/\/cmlo.co\/en\/wp-json\/wp\/v2\/pages\/18449\/revisions\/18553"}],"wp:attachment":[{"href":"https:\/\/cmlo.co\/en\/wp-json\/wp\/v2\/media?parent=18449"}],"wp:term":[{"taxonomy":"segmento","embeddable":true,"href":"https:\/\/cmlo.co\/en\/wp-json\/wp\/v2\/segmento?post=18449"},{"taxonomy":"solucao","embeddable":true,"href":"https:\/\/cmlo.co\/en\/wp-json\/wp\/v2\/solucao?post=18449"}],"curies":[{"name":"wp","href":"https:\/\/api.w.org\/{rel}","templated":true}]}}