{"id":3622,"date":"2023-07-27T04:37:32","date_gmt":"2023-07-27T07:37:32","guid":{"rendered":"https:\/\/cmlo.co\/?page_id=3622"},"modified":"2023-07-27T04:42:09","modified_gmt":"2023-07-27T07:42:09","slug":"avisos-legais","status":"publish","type":"page","link":"https:\/\/cmlo.co\/es\/avisos-legais\/","title":{"rendered":"Avisos Legales"},"content":{"rendered":"<h2 class=\"wp-block-heading\">POL\u00cdTICA DE PRIVACIDAD Y COOKIES<\/h2>\n\n\n\n<h3 class=\"wp-block-heading\">Pol\u00edtica de cookies<\/h3>\n\n\n\n<p>Una cookie es un peque\u00f1o fichero de texto que se almacena en su navegador cuando visita casi cualquier p\u00e1gina web. Su utilidad es que la web sea capaz de recordar su visita cuando vuelva a navegar por esa p\u00e1gina. Las cookies suelen almacenar informaci\u00f3n de car\u00e1cter t\u00e9cnico, preferencias personales, personalizaci\u00f3n de contenidos, estad\u00edsticas de uso, enlaces a redes sociales, acceso a cuentas de usuario, etc. La finalidad de las cookies es adaptar el contenido de la web a su perfil y necesidades, sin cookies los servicios ofrecidos por cualquier p\u00e1gina se ver\u00edan mermados notablemente. Si desea consultar m\u00e1s informaci\u00f3n sobre qu\u00e9 son las cookies, qu\u00e9 almacenan, c\u00f3mo eliminarlas, desactivarlas, etc., le rogamos se dirija a este enlace.<\/p>\n\n\n\n<h3 class=\"wp-block-heading\">Cookies utilizadas en este sitio web<\/h3>\n\n\n\n<p>Siguiendo las directrices de la Agencia Espa\u00f1ola de Protecci\u00f3n de Datos, detallamos a continuaci\u00f3n el uso de cookies que hace este sitio web con la finalidad de informarle con la m\u00e1xima exactitud posible.<\/p>\n\n\n\n<h3 class=\"wp-block-heading\">Este sitio web utiliza las siguientes cookies propias:<\/h3>\n\n\n\n<p>Cookies de sesi\u00f3n, para garantizar que los usuarios que escriben comentarios en el blog son humanos y no aplicaciones automatizadas. De este modo, se combate el spam.<\/p>\n\n\n\n<h3 class=\"wp-block-heading\">Este sitio web utiliza las siguientes cookies de terceros<\/h3>\n\n\n\n<p>Google Analytics: Almacena cookies para poder elaborar estad\u00edsticas sobre el tr\u00e1fico y volumen de visitas de esta web. Al utilizar este sitio web est\u00e1 consintiendo el tratamiento de informaci\u00f3n acerca de usted por Google. Por tanto, el ejercicio de cualquier derecho en este sentido deber\u00e1 hacerlo comunicando directamente con Google.<\/p>\n\n\n\n<p>Redes sociales: Cada red social utiliza sus propias cookies para que puedas hacer clic en botones como Me gusta y Compartir.<\/p>\n\n\n\n<h3 class=\"wp-block-heading\">Desactivaci\u00f3n o eliminaci\u00f3n de cookies<\/h3>\n\n\n\n<p>En cualquier momento, puede ejercer su derecho a desactivar o eliminar las cookies de este sitio web. Estas opciones se realizan de forma diferente seg\u00fan el navegador que utilice. Aqu\u00ed tiene una gu\u00eda r\u00e1pida para los navegadores m\u00e1s populares.<\/p>\n\n\n\n<h3 class=\"wp-block-heading\">Notas adicionales<\/h3>\n\n\n\n<p>Ni esta web ni sus representantes legales se hacen responsables ni del contenido ni de la veracidad de las pol\u00edticas de privacidad que puedan tener los terceros mencionados en esta pol\u00edtica de cookies.<\/p>\n\n\n\n<p>Los navegadores web son las herramientas encargadas de almacenar las cookies y, desde este lugar, debe ejercer su derecho a eliminaci\u00f3n o desactivaci\u00f3n de las mismas.<\/p>\n\n\n\n<p>Ni esta web ni sus representantes legales pueden garantizar la correcta o incorrecta manipulaci\u00f3n de las cookies por parte de los mencionados navegadores.<\/p>\n\n\n\n<p>En algunos casos es necesario instalar cookies para que el navegador no olvide su decisi\u00f3n de no aceptarlas.<br>En el caso de las cookies de Google Analytics, esta empresa almacena las cookies en servidores ubicados en Estados Unidos y se compromete a no compartirlas con terceros, excepto en los casos en los que sea necesario para el funcionamiento del sistema o cuando la ley obligue a tal efecto. Seg\u00fan Google, no guarda su direcci\u00f3n IP. Google Inc. es una compa\u00f1\u00eda adherida al Acuerdo de Puerto Seguro que garantiza que todos los datos transferidos ser\u00e1n tratados con un nivel de protecci\u00f3n acorde a la normativa europea.<\/p>\n\n\n\n<p>Si tiene alguna pregunta o consulta sobre esta pol\u00edtica de cookies, no dude en ponerse en contacto con nosotros a trav\u00e9s de la secci\u00f3n de contacto.<\/p>\n\n\n\n<h3 class=\"wp-block-heading\">Siempre puede contar con nuestra ayuda<\/h3>\n\n\n\n<p>Si tiene alguna pregunta sobre nuestro Aviso de privacidad o necesita m\u00e1s aclaraciones sobre c\u00f3mo tratamos sus datos personales, p\u00f3ngase en contacto con nosotros:<\/p>\n\n\n\n<p>Responsable de protecci\u00f3n de datos: Saulo Camelo<\/p>\n\n\n\n<p>Llame al +55 11 98423 6137, disponible de lunes a viernes de 9.00 a 18.00 horas. Tarifas de llamadas locales.<\/p>\n\n\n\n<p>Por correo electr\u00f3nico ejecutivo exclusivamente por cuestiones de privacidad: <a href=\"mailto:privacidade@camelo.digital\">privacidade@camelo.digital<\/a><\/p>","protected":false},"excerpt":{"rendered":"<p>COOKIES Y POL\u00cdTICA DE PRIVACIDAD Pol\u00edtica de cookies Una cookie es un peque\u00f1o archivo de texto que se almacena en su navegador cuando visita casi cualquier p\u00e1gina web. Su utilidad es que la web sea capaz de recordar su visita cuando vuelva a navegar por esa p\u00e1gina. Las cookies generalmente almacenan informaci\u00f3n t\u00e9cnica, preferencias [...]<\/p>","protected":false},"author":3,"featured_media":0,"parent":0,"menu_order":0,"comment_status":"closed","ping_status":"closed","template":"","meta":{"_acf_changed":false,"footnotes":""},"segmento":[],"solucao":[],"class_list":["post-3622","page","type-page","status-publish","hentry"],"acf":[],"_links":{"self":[{"href":"https:\/\/cmlo.co\/es\/wp-json\/wp\/v2\/pages\/3622","targetHints":{"allow":["GET"]}}],"collection":[{"href":"https:\/\/cmlo.co\/es\/wp-json\/wp\/v2\/pages"}],"about":[{"href":"https:\/\/cmlo.co\/es\/wp-json\/wp\/v2\/types\/page"}],"author":[{"embeddable":true,"href":"https:\/\/cmlo.co\/es\/wp-json\/wp\/v2\/users\/3"}],"replies":[{"embeddable":true,"href":"https:\/\/cmlo.co\/es\/wp-json\/wp\/v2\/comments?post=3622"}],"version-history":[{"count":0,"href":"https:\/\/cmlo.co\/es\/wp-json\/wp\/v2\/pages\/3622\/revisions"}],"wp:attachment":[{"href":"https:\/\/cmlo.co\/es\/wp-json\/wp\/v2\/media?parent=3622"}],"wp:term":[{"taxonomy":"segmento","embeddable":true,"href":"https:\/\/cmlo.co\/es\/wp-json\/wp\/v2\/segmento?post=3622"},{"taxonomy":"solucao","embeddable":true,"href":"https:\/\/cmlo.co\/es\/wp-json\/wp\/v2\/solucao?post=3622"}],"curies":[{"name":"wp","href":"https:\/\/api.w.org\/{rel}","templated":true}]}}